{"id":200,"date":"2019-10-25T15:06:20","date_gmt":"2019-10-25T13:06:20","guid":{"rendered":"http:\/\/2019.reimfee.de\/?page_id=200"},"modified":"2021-09-25T19:19:16","modified_gmt":"2021-09-25T17:19:16","slug":"kontakt","status":"publish","type":"page","link":"https:\/\/www.reimfee.de\/index.php\/kontakt\/","title":{"rendered":"Kontakt"},"content":{"rendered":"<p>[et_pb_section fb_built=&#8220;1&#8243; admin_label=&#8220;Header&#8220; _builder_version=&#8220;4.0.6&#8243; use_background_color_gradient=&#8220;on&#8220; background_color_gradient_start=&#8220;#ffffff&#8220; background_color_gradient_end=&#8220;rgba(255,255,255,0)&#8220; background_color_gradient_direction=&#8220;178deg&#8220; background_color_gradient_start_position=&#8220;10%&#8220; background_color_gradient_overlays_image=&#8220;on&#8220; background_image=&#8220;https:\/\/www.reimfee.de\/wp-content\/uploads\/2019\/11\/P1010417.jpg&#8220; width=&#8220;100%&#8220; max_width=&#8220;100%&#8220; max_width_tablet=&#8220;&#8220; max_width_phone=&#8220;&#8220; max_width_last_edited=&#8220;on|desktop&#8220; custom_margin=&#8220;0px||0px||false|false&#8220; custom_padding=&#8220;0px||0px||true|false&#8220; global_colors_info=&#8220;{}&#8220;][et_pb_row _builder_version=&#8220;4.0.2&#8243; global_colors_info=&#8220;{}&#8220;][et_pb_column type=&#8220;4_4&#8243; _builder_version=&#8220;4.0.2&#8243; global_colors_info=&#8220;{}&#8220;][et_pb_text _builder_version=&#8220;4.0.6&#8243; header_font=&#8220;|||on|||||&#8220; header_text_color=&#8220;#757575&#8243; header_font_size=&#8220;26px&#8220; header_letter_spacing=&#8220;2px&#8220; header_line_height=&#8220;1.8em&#8220; max_width=&#8220;30%&#8220; max_width_tablet=&#8220;&#8220; max_width_phone=&#8220;80%&#8220; max_width_last_edited=&#8220;on|phone&#8220; header_font_size_tablet=&#8220;&#8220; header_font_size_phone=&#8220;22px&#8220; header_font_size_last_edited=&#8220;on|phone&#8220; global_colors_info=&#8220;{}&#8220;]<\/p>\n<h1>Jetzt die Reimfee kontaktieren<\/h1>\n<p>[\/et_pb_text][et_pb_text _builder_version=&#8220;4.0.6&#8243; text_font=&#8220;||||||||&#8220; header_font=&#8220;Zeyada||on||||||&#8220; header_text_align=&#8220;center&#8220; header_text_color=&#8220;#2bbecb&#8220; header_font_size=&#8220;160px&#8220; header_line_height=&#8220;1.1em&#8220; header_2_font=&#8220;Zeyada||on||||||&#8220; header_2_text_align=&#8220;center&#8220; header_2_text_color=&#8220;#2bbecb&#8220; header_2_font_size=&#8220;160px&#8220; header_2_line_height=&#8220;1.2em&#8220; transform_translate_linked=&#8220;off&#8220; transform_rotate=&#8220;0deg|0deg|350deg&#8220; width=&#8220;100%&#8220; max_width=&#8220;90%&#8220; max_width_tablet=&#8220;70%&#8220; max_width_phone=&#8220;95%&#8220; max_width_last_edited=&#8220;on|phone&#8220; module_alignment=&#8220;center&#8220; custom_margin=&#8220;-4vw||39px||false|false&#8220; custom_margin_tablet=&#8220;&#8220; custom_margin_phone=&#8220;|10px||10px|false|false&#8220; custom_margin_last_edited=&#8220;on|phone&#8220; custom_padding=&#8220;80px||||false|false&#8220; custom_padding_tablet=&#8220;30px||||false|false&#8220; custom_padding_phone=&#8220;25px|0px|10px|0px|false|false&#8220; custom_padding_last_edited=&#8220;on|phone&#8220; header_text_color_tablet=&#8220;&#8220; header_text_color_phone=&#8220;#ffffff&#8220; header_text_color_last_edited=&#8220;on|phone&#8220; header_font_size_tablet=&#8220;130px&#8220; header_font_size_phone=&#8220;70px&#8220; header_font_size_last_edited=&#8220;on|phone&#8220; header_2_font_size_tablet=&#8220;&#8220; header_2_font_size_phone=&#8220;&#8220; header_2_font_size_last_edited=&#8220;on|phone&#8220; text_text_shadow_style=&#8220;preset1&#8243; text_text_shadow_horizontal_length=&#8220;-0.02em&#8220; text_text_shadow_vertical_length=&#8220;-0.07em&#8220; text_text_shadow_blur_strength=&#8220;0.32em&#8220; text_text_shadow_color=&#8220;rgba(255,255,255,0.34)&#8220; header_text_shadow_style=&#8220;preset3&#8243; header_text_shadow_color=&#8220;rgba(255,255,255,0.61)&#8220; header_text_shadow_horizontal_length_tablet=&#8220;-0.02em&#8220; header_text_shadow_horizontal_length_phone=&#8220;0em&#8220; header_text_shadow_horizontal_length_last_edited=&#8220;on|phone&#8220; header_text_shadow_vertical_length_tablet=&#8220;0.02em&#8220; header_text_shadow_vertical_length_phone=&#8220;&#8220; header_text_shadow_vertical_length_last_edited=&#8220;on|phone&#8220; header_text_shadow_blur_strength_tablet=&#8220;0.04em&#8220; header_text_shadow_blur_strength_phone=&#8220;&#8220; header_text_shadow_blur_strength_last_edited=&#8220;on|phone&#8220; header_text_shadow_color_tablet=&#8220;rgba(255,255,255,0.74)&#8220; header_text_shadow_color_phone=&#8220;rgba(0,0,0,0.74)&#8220; header_text_shadow_color_last_edited=&#8220;on|phone&#8220; global_colors_info=&#8220;{}&#8220;]<\/p>\n<h1>Kontakt<\/h1>\n<p>[\/et_pb_text][\/et_pb_column][\/et_pb_row][et_pb_row disabled_on=&#8220;off|off|off&#8220; _builder_version=&#8220;4.0.2&#8243; width=&#8220;100%&#8220; max_width=&#8220;100%&#8220; custom_margin=&#8220;-22px|auto||auto|false|false&#8220; custom_padding=&#8220;0px||0px|||&#8220; global_colors_info=&#8220;{}&#8220;][et_pb_column type=&#8220;4_4&#8243; _builder_version=&#8220;3.25&#8243; custom_padding=&#8220;|||&#8220; global_colors_info=&#8220;{}&#8220; custom_padding__hover=&#8220;|||&#8220;][et_pb_image src=&#8220;https:\/\/www.reimfee.de\/wp-content\/uploads\/2019\/10\/calligraphy_54.png&#8220; force_fullwidth=&#8220;on&#8220; align_tablet=&#8220;center&#8220; align_phone=&#8220;&#8220; align_last_edited=&#8220;on|desktop&#8220; _builder_version=&#8220;4.0.6&#8243; custom_padding=&#8220;0px||0px|||&#8220; global_colors_info=&#8220;{}&#8220;][\/et_pb_image][\/et_pb_column][\/et_pb_row][\/et_pb_section][et_pb_section fb_built=&#8220;1&#8243; admin_label=&#8220;About&#8220; _builder_version=&#8220;4.0.2&#8243; background_enable_image=&#8220;off&#8220; background_size=&#8220;initial&#8220; background_position=&#8220;top_center&#8220; custom_padding=&#8220;18px|||||&#8220; global_colors_info=&#8220;{}&#8220;][et_pb_row _builder_version=&#8220;4.0.2&#8243; global_colors_info=&#8220;{}&#8220;][et_pb_column type=&#8220;4_4&#8243; _builder_version=&#8220;4.0.2&#8243; global_colors_info=&#8220;{}&#8220;][et_pb_text _builder_version=&#8220;4.0.2&#8243; header_2_font=&#8220;|||on|||||&#8220; header_2_text_color=&#8220;#fb8781&#8243; header_2_font_size=&#8220;22px&#8220; custom_margin=&#8220;||0px||false|false&#8220; global_colors_info=&#8220;{}&#8220;]<\/p>\n<h2>Jetzt die Reimfee kontaktieren<\/h2>\n<p>[\/et_pb_text][et_pb_text _builder_version=&#8220;4.0.2&#8243; global_colors_info=&#8220;{}&#8220;]<\/p>\n<p>Sie m\u00f6chten eine Rede geschrieben bekommen, ein Gedicht oder einen anderen Text? Dann sind Sie hier genau richtig: Schreiben Sie mir einfach und ich setze mich mit Ihnen in Verbindung und wir sprechen gemeinsam Ihre Vorstellungen durch.\u00a0<span style=\"font-size: 18px;\">Nat\u00fcrlich k\u00f6nnen Sie mir \u00fcber dieses Formular auch einfach nur mal \u201eHallo\u201c sagen. <\/span><\/p>\n<p><span style=\"font-size: 18px;\">Direkt zu erreichen bin ich auch per E-Mail oder Telefon:<\/span><\/p>\n<p><a href=\"mailto:info@reimfee.de\">info[at]reimfee[punkt]de<\/a><br \/> <i class=\"fa fa-phone-square\"><\/i> 0160 \u2013 776 78 61<\/p>\n<p>[\/et_pb_text][\/et_pb_column][\/et_pb_row][et_pb_row _builder_version=&#8220;4.0.2&#8243; global_colors_info=&#8220;{}&#8220;][et_pb_column type=&#8220;4_4&#8243; _builder_version=&#8220;4.0.2&#8243; global_colors_info=&#8220;{}&#8220;][et_pb_contact_form email=&#8220;b@outlook.de&#8220; title=&#8220;Kontaktformular&#8220; custom_message=&#8220;Nachricht \u00fcber das Kontaktformular auf www.reimfee.de:||et_pb_line_break_holder||||et_pb_line_break_holder||Name: %%Name%%||et_pb_line_break_holder||E-Mail-Adresse: %%Email%%||et_pb_line_break_holder||Betreff: %%Betreff%%||et_pb_line_break_holder||Nachricht: %%Nachricht%%&#8220; success_message=&#8220;Vielen Dank f\u00fcr Ihre Nachricht! Ich melde mich so schnell wie m\u00f6glich bei Ihnen.&#8220; submit_button_text=&#8220;Abschicken&#8220; _builder_version=&#8220;4.10.8&#8243; title_font=&#8220;|||on|||||&#8220; title_text_color=&#8220;#fb8781&#8243; title_font_size=&#8220;22px&#8220; captcha_font_size=&#8220;16px&#8220; form_field_font_size=&#8220;16px&#8220; background_enable_image=&#8220;off&#8220; button_text_size=&#8220;22&#8243; hover_enabled=&#8220;0&#8243; global_module=&#8220;212&#8243; saved_tabs=&#8220;all&#8220; global_colors_info=&#8220;{}&#8220; sticky_enabled=&#8220;0&#8243;][et_pb_contact_field field_id=&#8220;Name&#8220; field_title=&#8220;Name&#8220; _builder_version=&#8220;4.0.2&#8243; global_colors_info=&#8220;{}&#8220; button_text_size__hover_enabled=&#8220;off&#8220; button_one_text_size__hover_enabled=&#8220;off&#8220; button_two_text_size__hover_enabled=&#8220;off&#8220; button_text_color__hover_enabled=&#8220;off&#8220; button_one_text_color__hover_enabled=&#8220;off&#8220; button_two_text_color__hover_enabled=&#8220;off&#8220; button_border_width__hover_enabled=&#8220;off&#8220; button_one_border_width__hover_enabled=&#8220;off&#8220; button_two_border_width__hover_enabled=&#8220;off&#8220; button_border_color__hover_enabled=&#8220;off&#8220; button_one_border_color__hover_enabled=&#8220;off&#8220; button_two_border_color__hover_enabled=&#8220;off&#8220; button_border_radius__hover_enabled=&#8220;off&#8220; button_one_border_radius__hover_enabled=&#8220;off&#8220; button_two_border_radius__hover_enabled=&#8220;off&#8220; button_letter_spacing__hover_enabled=&#8220;off&#8220; button_one_letter_spacing__hover_enabled=&#8220;off&#8220; button_two_letter_spacing__hover_enabled=&#8220;off&#8220; button_bg_color__hover_enabled=&#8220;off&#8220; button_one_bg_color__hover_enabled=&#8220;off&#8220; button_two_bg_color__hover_enabled=&#8220;off&#8220;][\/et_pb_contact_field][et_pb_contact_field field_id=&#8220;Email&#8220; field_title=&#8220;Email-Adresse&#8220; field_type=&#8220;email&#8220; _builder_version=&#8220;4.0.2&#8243; global_colors_info=&#8220;{}&#8220; button_text_size__hover_enabled=&#8220;off&#8220; button_one_text_size__hover_enabled=&#8220;off&#8220; button_two_text_size__hover_enabled=&#8220;off&#8220; button_text_color__hover_enabled=&#8220;off&#8220; button_one_text_color__hover_enabled=&#8220;off&#8220; button_two_text_color__hover_enabled=&#8220;off&#8220; button_border_width__hover_enabled=&#8220;off&#8220; button_one_border_width__hover_enabled=&#8220;off&#8220; button_two_border_width__hover_enabled=&#8220;off&#8220; button_border_color__hover_enabled=&#8220;off&#8220; button_one_border_color__hover_enabled=&#8220;off&#8220; button_two_border_color__hover_enabled=&#8220;off&#8220; button_border_radius__hover_enabled=&#8220;off&#8220; button_one_border_radius__hover_enabled=&#8220;off&#8220; button_two_border_radius__hover_enabled=&#8220;off&#8220; button_letter_spacing__hover_enabled=&#8220;off&#8220; button_one_letter_spacing__hover_enabled=&#8220;off&#8220; button_two_letter_spacing__hover_enabled=&#8220;off&#8220; button_bg_color__hover_enabled=&#8220;off&#8220; button_one_bg_color__hover_enabled=&#8220;off&#8220; button_two_bg_color__hover_enabled=&#8220;off&#8220;][\/et_pb_contact_field][et_pb_contact_field field_id=&#8220;Betreff&#8220; field_title=&#8220;Betreff&#8220; field_type=&#8220;select&#8220; select_options=&#8220;%91{%22value%22:%22Individuelles Gedicht%22,%22checked%22:0,%22dragID%22:-1},{%22value%22:%22Individuelle Rede%22,%22checked%22:0,%22dragID%22:0},{%22value%22:%22Individueller Text%22,%22checked%22:0,%22dragID%22:1},{%22value%22:%22Fotokarten%22,%22checked%22:0,%22dragID%22:2},{%22value%22:%22Vortrag live vor Ort%22,%22checked%22:0,%22dragID%22:3},{%22value%22:%22Sonstiges%22,%22checked%22:0,%22dragID%22:4}%93&#8243; required_mark=&#8220;off&#8220; fullwidth_field=&#8220;on&#8220; _builder_version=&#8220;4.0.2&#8243; global_colors_info=&#8220;{}&#8220;][\/et_pb_contact_field][et_pb_contact_field field_id=&#8220;Nachricht&#8220; field_title=&#8220;Nachricht&#8220; field_type=&#8220;text&#8220; fullwidth_field=&#8220;on&#8220; _builder_version=&#8220;4.0.2&#8243; global_colors_info=&#8220;{}&#8220; button_text_size__hover_enabled=&#8220;off&#8220; button_one_text_size__hover_enabled=&#8220;off&#8220; button_two_text_size__hover_enabled=&#8220;off&#8220; button_text_color__hover_enabled=&#8220;off&#8220; button_one_text_color__hover_enabled=&#8220;off&#8220; button_two_text_color__hover_enabled=&#8220;off&#8220; button_border_width__hover_enabled=&#8220;off&#8220; button_one_border_width__hover_enabled=&#8220;off&#8220; button_two_border_width__hover_enabled=&#8220;off&#8220; button_border_color__hover_enabled=&#8220;off&#8220; button_one_border_color__hover_enabled=&#8220;off&#8220; button_two_border_color__hover_enabled=&#8220;off&#8220; button_border_radius__hover_enabled=&#8220;off&#8220; button_one_border_radius__hover_enabled=&#8220;off&#8220; button_two_border_radius__hover_enabled=&#8220;off&#8220; button_letter_spacing__hover_enabled=&#8220;off&#8220; button_one_letter_spacing__hover_enabled=&#8220;off&#8220; button_two_letter_spacing__hover_enabled=&#8220;off&#8220; button_bg_color__hover_enabled=&#8220;off&#8220; button_one_bg_color__hover_enabled=&#8220;off&#8220; button_two_bg_color__hover_enabled=&#8220;off&#8220;][\/et_pb_contact_field][\/et_pb_contact_form][\/et_pb_column][\/et_pb_row][et_pb_row _builder_version=&#8220;3.25&#8243; custom_margin=&#8220;|389px||auto||&#8220; custom_padding=&#8220;0px|||||&#8220; global_colors_info=&#8220;{}&#8220;][et_pb_column type=&#8220;4_4&#8243; _builder_version=&#8220;3.25&#8243; custom_padding=&#8220;|||&#8220; global_colors_info=&#8220;{}&#8220; custom_padding__hover=&#8220;|||&#8220;][et_pb_image src=&#8220;https:\/\/www.reimfee.de\/wp-content\/uploads\/2019\/10\/calligraphy_55.png&#8220; force_fullwidth=&#8220;on&#8220; align_tablet=&#8220;center&#8220; align_phone=&#8220;&#8220; align_last_edited=&#8220;on|desktop&#8220; _builder_version=&#8220;4.0.6&#8243; background_image=&#8220;https:\/\/www.reimfee.de\/wp-content\/uploads\/2019\/10\/P5155687_1080.jpg&#8220; background_position=&#8220;top_center&#8220; background_blend=&#8220;lighten&#8220; custom_margin=&#8220;||27px|||&#8220; global_colors_info=&#8220;{}&#8220;][\/et_pb_image][\/et_pb_column][\/et_pb_row][\/et_pb_section]<\/p>\n","protected":false},"excerpt":{"rendered":"<p>Jetzt die Reimfee kontaktierenKontaktJetzt die Reimfee kontaktierenSie m\u00f6chten eine Rede geschrieben bekommen, ein Gedicht oder einen anderen Text? Dann sind Sie hier genau richtig: Schreiben Sie mir einfach und ich setze mich mit Ihnen in Verbindung und wir sprechen gemeinsam Ihre Vorstellungen durch.\u00a0Nat\u00fcrlich k\u00f6nnen Sie mir \u00fcber dieses Formular auch einfach nur mal \u201eHallo\u201c sagen. [&hellip;]<\/p>\n","protected":false},"author":1,"featured_media":0,"parent":0,"menu_order":0,"comment_status":"closed","ping_status":"closed","template":"","meta":{"_et_pb_use_builder":"on","_et_pb_old_content":"","_et_gb_content_width":""},"yoast_head":"<!-- This site is optimized with the Yoast SEO plugin v19.13 - https:\/\/yoast.com\/wordpress\/plugins\/seo\/ -->\n<title>Kontakt - Reimfee<\/title>\n<meta name=\"robots\" content=\"index, follow, max-snippet:-1, max-image-preview:large, max-video-preview:-1\" \/>\n<link rel=\"canonical\" href=\"https:\/\/www.reimfee.de\/index.php\/kontakt\/\" \/>\n<meta property=\"og:locale\" content=\"de_DE\" \/>\n<meta property=\"og:type\" content=\"article\" \/>\n<meta property=\"og:title\" content=\"Kontakt - Reimfee\" \/>\n<meta property=\"og:description\" content=\"Jetzt die Reimfee kontaktierenKontaktJetzt die Reimfee kontaktierenSie m\u00f6chten eine Rede geschrieben bekommen, ein Gedicht oder einen anderen Text? Dann sind Sie hier genau richtig: Schreiben Sie mir einfach und ich setze mich mit Ihnen in Verbindung und wir sprechen gemeinsam Ihre Vorstellungen durch.\u00a0Nat\u00fcrlich k\u00f6nnen Sie mir \u00fcber dieses Formular auch einfach nur mal \u201eHallo\u201c sagen. [&hellip;]\" \/>\n<meta property=\"og:url\" content=\"https:\/\/www.reimfee.de\/index.php\/kontakt\/\" \/>\n<meta property=\"og:site_name\" content=\"Reimfee\" \/>\n<meta property=\"article:publisher\" content=\"https:\/\/de-de.facebook.com\/Reimfee-152899691433780\/\" \/>\n<meta property=\"article:modified_time\" content=\"2021-09-25T17:19:16+00:00\" \/>\n<meta name=\"twitter:card\" content=\"summary_large_image\" \/>\n<meta name=\"twitter:label1\" content=\"Gesch\u00e4tzte Lesezeit\" \/>\n\t<meta name=\"twitter:data1\" content=\"8\u00a0Minuten\" \/>\n<script type=\"application\/ld+json\" class=\"yoast-schema-graph\">{\"@context\":\"https:\/\/schema.org\",\"@graph\":[{\"@type\":\"WebPage\",\"@id\":\"https:\/\/www.reimfee.de\/index.php\/kontakt\/\",\"url\":\"https:\/\/www.reimfee.de\/index.php\/kontakt\/\",\"name\":\"Kontakt - Reimfee\",\"isPartOf\":{\"@id\":\"https:\/\/www.reimfee.de\/#website\"},\"datePublished\":\"2019-10-25T13:06:20+00:00\",\"dateModified\":\"2021-09-25T17:19:16+00:00\",\"breadcrumb\":{\"@id\":\"https:\/\/www.reimfee.de\/index.php\/kontakt\/#breadcrumb\"},\"inLanguage\":\"de\",\"potentialAction\":[{\"@type\":\"ReadAction\",\"target\":[\"https:\/\/www.reimfee.de\/index.php\/kontakt\/\"]}]},{\"@type\":\"BreadcrumbList\",\"@id\":\"https:\/\/www.reimfee.de\/index.php\/kontakt\/#breadcrumb\",\"itemListElement\":[{\"@type\":\"ListItem\",\"position\":1,\"name\":\"Startseite\",\"item\":\"https:\/\/www.reimfee.de\/\"},{\"@type\":\"ListItem\",\"position\":2,\"name\":\"Kontakt\"}]},{\"@type\":\"WebSite\",\"@id\":\"https:\/\/www.reimfee.de\/#website\",\"url\":\"https:\/\/www.reimfee.de\/\",\"name\":\"Reimfee\",\"description\":\"Gedichte, Auftragsgedichte, Reime und Reden\",\"potentialAction\":[{\"@type\":\"SearchAction\",\"target\":{\"@type\":\"EntryPoint\",\"urlTemplate\":\"https:\/\/www.reimfee.de\/?s={search_term_string}\"},\"query-input\":\"required name=search_term_string\"}],\"inLanguage\":\"de\"}]}<\/script>\n<!-- \/ Yoast SEO plugin. -->","yoast_head_json":{"title":"Kontakt - Reimfee","robots":{"index":"index","follow":"follow","max-snippet":"max-snippet:-1","max-image-preview":"max-image-preview:large","max-video-preview":"max-video-preview:-1"},"canonical":"https:\/\/www.reimfee.de\/index.php\/kontakt\/","og_locale":"de_DE","og_type":"article","og_title":"Kontakt - Reimfee","og_description":"Jetzt die Reimfee kontaktierenKontaktJetzt die Reimfee kontaktierenSie m\u00f6chten eine Rede geschrieben bekommen, ein Gedicht oder einen anderen Text? Dann sind Sie hier genau richtig: Schreiben Sie mir einfach und ich setze mich mit Ihnen in Verbindung und wir sprechen gemeinsam Ihre Vorstellungen durch.\u00a0Nat\u00fcrlich k\u00f6nnen Sie mir \u00fcber dieses Formular auch einfach nur mal \u201eHallo\u201c sagen. [&hellip;]","og_url":"https:\/\/www.reimfee.de\/index.php\/kontakt\/","og_site_name":"Reimfee","article_publisher":"https:\/\/de-de.facebook.com\/Reimfee-152899691433780\/","article_modified_time":"2021-09-25T17:19:16+00:00","twitter_card":"summary_large_image","twitter_misc":{"Gesch\u00e4tzte Lesezeit":"8\u00a0Minuten"},"schema":{"@context":"https:\/\/schema.org","@graph":[{"@type":"WebPage","@id":"https:\/\/www.reimfee.de\/index.php\/kontakt\/","url":"https:\/\/www.reimfee.de\/index.php\/kontakt\/","name":"Kontakt - Reimfee","isPartOf":{"@id":"https:\/\/www.reimfee.de\/#website"},"datePublished":"2019-10-25T13:06:20+00:00","dateModified":"2021-09-25T17:19:16+00:00","breadcrumb":{"@id":"https:\/\/www.reimfee.de\/index.php\/kontakt\/#breadcrumb"},"inLanguage":"de","potentialAction":[{"@type":"ReadAction","target":["https:\/\/www.reimfee.de\/index.php\/kontakt\/"]}]},{"@type":"BreadcrumbList","@id":"https:\/\/www.reimfee.de\/index.php\/kontakt\/#breadcrumb","itemListElement":[{"@type":"ListItem","position":1,"name":"Startseite","item":"https:\/\/www.reimfee.de\/"},{"@type":"ListItem","position":2,"name":"Kontakt"}]},{"@type":"WebSite","@id":"https:\/\/www.reimfee.de\/#website","url":"https:\/\/www.reimfee.de\/","name":"Reimfee","description":"Gedichte, Auftragsgedichte, Reime und Reden","potentialAction":[{"@type":"SearchAction","target":{"@type":"EntryPoint","urlTemplate":"https:\/\/www.reimfee.de\/?s={search_term_string}"},"query-input":"required name=search_term_string"}],"inLanguage":"de"}]}},"_links":{"self":[{"href":"https:\/\/www.reimfee.de\/index.php\/wp-json\/wp\/v2\/pages\/200"}],"collection":[{"href":"https:\/\/www.reimfee.de\/index.php\/wp-json\/wp\/v2\/pages"}],"about":[{"href":"https:\/\/www.reimfee.de\/index.php\/wp-json\/wp\/v2\/types\/page"}],"author":[{"embeddable":true,"href":"https:\/\/www.reimfee.de\/index.php\/wp-json\/wp\/v2\/users\/1"}],"replies":[{"embeddable":true,"href":"https:\/\/www.reimfee.de\/index.php\/wp-json\/wp\/v2\/comments?post=200"}],"version-history":[{"count":22,"href":"https:\/\/www.reimfee.de\/index.php\/wp-json\/wp\/v2\/pages\/200\/revisions"}],"predecessor-version":[{"id":663,"href":"https:\/\/www.reimfee.de\/index.php\/wp-json\/wp\/v2\/pages\/200\/revisions\/663"}],"wp:attachment":[{"href":"https:\/\/www.reimfee.de\/index.php\/wp-json\/wp\/v2\/media?parent=200"}],"curies":[{"name":"wp","href":"https:\/\/api.w.org\/{rel}","templated":true}]}}